{"id":3720,"date":"2015-03-31T10:26:01","date_gmt":"2015-03-31T10:26:01","guid":{"rendered":"http:\/\/themes.goodlayers2.com\/hotelmaster\/?page_id=3720"},"modified":"2024-11-23T09:01:58","modified_gmt":"2024-11-23T08:01:58","slug":"pocetna","status":"publish","type":"page","link":"https:\/\/www.milmari.rs\/resort\/","title":{"rendered":"Po\u010detna"},"content":{"rendered":"","protected":false},"excerpt":{"rendered":"","protected":false},"author":1,"featured_media":5638,"parent":0,"menu_order":0,"comment_status":"closed","ping_status":"closed","template":"","meta":{"_mi_skip_tracking":false,"_wp_rev_ctl_limit":"1"},"yoast_head":"<!-- This site is optimized with the Yoast SEO plugin v15.9.1 - https:\/\/yoast.com\/wordpress\/plugins\/seo\/ -->\n<title>Milmari Kopaonik - Sme\u0161taj sa pogledom iz snova<\/title>\n<meta name=\"description\" content=\"Milmari Kopaonik je potpuno nov hotelsko-turisti\u010dki kompleks na obroncima Kopaonika, lociran u Vikend naselju, na putu Ra\u0161ka - Kopaonik\" \/>\n<meta name=\"robots\" content=\"index, follow, max-snippet:-1, max-image-preview:large, max-video-preview:-1\" \/>\n<link rel=\"canonical\" href=\"https:\/\/www.milmari.rs\/resort\/\" \/>\n<meta property=\"og:locale\" content=\"sr_RS\" \/>\n<meta property=\"og:type\" content=\"article\" \/>\n<meta property=\"og:title\" content=\"Milmari Kopaonik - Sme\u0161taj sa pogledom iz snova\" \/>\n<meta property=\"og:description\" content=\"Milmari Kopaonik je potpuno nov hotelsko-turisti\u010dki kompleks na obroncima Kopaonika, lociran u Vikend naselju, na regionalnom putu Kopaonik-Ra\u0161ka. Ono \u010dime Milmari Kopaonik pleni jesu moderno i funkcionalno opremljene sme\u0161tajne jedinice sa posebnim naglaskom na tople tonove boja koji su prisutni u enterijeru \u0161to gostu pru\u017ea do\u017eivljaj porodi\u010dne atmosfere.\" \/>\n<meta property=\"og:url\" content=\"https:\/\/www.milmari.rs\/resort\/\" \/>\n<meta property=\"og:site_name\" content=\"Milmari Kopaonik\" \/>\n<meta property=\"article:publisher\" content=\"https:\/\/www.facebook.com\/MilmariResorts\" \/>\n<meta property=\"article:modified_time\" content=\"2024-11-23T08:01:58+00:00\" \/>\n<meta property=\"og:image\" content=\"https:\/\/www.milmari.rs\/resort\/wp-content\/uploads\/2024\/01\/welcome1.jpg\" \/>\n\t<meta property=\"og:image:width\" content=\"1920\" \/>\n\t<meta property=\"og:image:height\" content=\"650\" \/>\n<meta name=\"twitter:card\" content=\"summary\" \/>\n<script type=\"application\/ld+json\" class=\"yoast-schema-graph\">{\"@context\":\"https:\/\/schema.org\",\"@graph\":[{\"@type\":\"WebSite\",\"@id\":\"https:\/\/www.milmari.rs\/resort\/#website\",\"url\":\"https:\/\/www.milmari.rs\/resort\/\",\"name\":\"Milmari Kopaonik\",\"description\":\"Hotel sa pogledom iz snova\",\"potentialAction\":[{\"@type\":\"SearchAction\",\"target\":\"https:\/\/www.milmari.rs\/resort\/?s={search_term_string}\",\"query-input\":\"required name=search_term_string\"}],\"inLanguage\":\"sr-RS\"},{\"@type\":\"ImageObject\",\"@id\":\"https:\/\/www.milmari.rs\/resort\/#primaryimage\",\"inLanguage\":\"sr-RS\",\"url\":\"https:\/\/www.milmari.rs\/resort\/wp-content\/uploads\/2024\/01\/welcome1.jpg\",\"width\":1920,\"height\":650},{\"@type\":\"WebPage\",\"@id\":\"https:\/\/www.milmari.rs\/resort\/#webpage\",\"url\":\"https:\/\/www.milmari.rs\/resort\/\",\"name\":\"Milmari Kopaonik - Sme\\u0161taj sa pogledom iz snova\",\"isPartOf\":{\"@id\":\"https:\/\/www.milmari.rs\/resort\/#website\"},\"primaryImageOfPage\":{\"@id\":\"https:\/\/www.milmari.rs\/resort\/#primaryimage\"},\"datePublished\":\"2015-03-31T10:26:01+00:00\",\"dateModified\":\"2024-11-23T08:01:58+00:00\",\"description\":\"Milmari Kopaonik je potpuno nov hotelsko-turisti\\u010dki kompleks na obroncima Kopaonika, lociran u Vikend naselju, na putu Ra\\u0161ka - Kopaonik\",\"breadcrumb\":{\"@id\":\"https:\/\/www.milmari.rs\/resort\/#breadcrumb\"},\"inLanguage\":\"sr-RS\",\"potentialAction\":[{\"@type\":\"ReadAction\",\"target\":[\"https:\/\/www.milmari.rs\/resort\/\"]}]},{\"@type\":\"BreadcrumbList\",\"@id\":\"https:\/\/www.milmari.rs\/resort\/#breadcrumb\",\"itemListElement\":[{\"@type\":\"ListItem\",\"position\":1,\"item\":{\"@type\":\"WebPage\",\"@id\":\"https:\/\/www.milmari.rs\/resort\/\",\"url\":\"https:\/\/www.milmari.rs\/resort\/\",\"name\":\"Po\\u010detna\"}},{\"@type\":\"ListItem\",\"position\":2,\"item\":{\"@type\":\"WebPage\",\"@id\":\"https:\/\/www.milmari.rs\/resort\/\",\"url\":\"https:\/\/www.milmari.rs\/resort\/\",\"name\":\"Po\\u010detna\"}}]}]}<\/script>\n<!-- \/ Yoast SEO plugin. -->","_links":{"self":[{"href":"https:\/\/www.milmari.rs\/resort\/wp-json\/wp\/v2\/pages\/3720"}],"collection":[{"href":"https:\/\/www.milmari.rs\/resort\/wp-json\/wp\/v2\/pages"}],"about":[{"href":"https:\/\/www.milmari.rs\/resort\/wp-json\/wp\/v2\/types\/page"}],"author":[{"embeddable":true,"href":"https:\/\/www.milmari.rs\/resort\/wp-json\/wp\/v2\/users\/1"}],"replies":[{"embeddable":true,"href":"https:\/\/www.milmari.rs\/resort\/wp-json\/wp\/v2\/comments?post=3720"}],"version-history":[{"count":1,"href":"https:\/\/www.milmari.rs\/resort\/wp-json\/wp\/v2\/pages\/3720\/revisions"}],"predecessor-version":[{"id":5665,"href":"https:\/\/www.milmari.rs\/resort\/wp-json\/wp\/v2\/pages\/3720\/revisions\/5665"}],"wp:featuredmedia":[{"embeddable":true,"href":"https:\/\/www.milmari.rs\/resort\/wp-json\/wp\/v2\/media\/5638"}],"wp:attachment":[{"href":"https:\/\/www.milmari.rs\/resort\/wp-json\/wp\/v2\/media?parent=3720"}],"curies":[{"name":"wp","href":"https:\/\/api.w.org\/{rel}","templated":true}]}}