{"id":4488,"date":"2016-12-26T17:25:43","date_gmt":"2016-12-26T16:25:43","guid":{"rendered":"http:\/\/milmari.rs\/resort\/?page_id=4488"},"modified":"2024-11-23T09:05:16","modified_gmt":"2024-11-23T08:05:16","slug":"wellness-spa-centar","status":"publish","type":"page","link":"https:\/\/www.milmari.rs\/resort\/wellness-spa-centar\/","title":{"rendered":"Wellness &#038; Spa Centar"},"content":{"rendered":"<p><img loading=\"lazy\" class=\"alignnone size-full wp-image-4489\" src=\"http:\/\/milmari.rs\/resort\/wp-content\/uploads\/2016\/12\/weellness_spa.jpg\" alt=\"\" width=\"1050\" height=\"360\" srcset=\"https:\/\/www.milmari.rs\/resort\/wp-content\/uploads\/2016\/12\/weellness_spa.jpg 1050w, https:\/\/www.milmari.rs\/resort\/wp-content\/uploads\/2016\/12\/weellness_spa-300x103.jpg 300w, https:\/\/www.milmari.rs\/resort\/wp-content\/uploads\/2016\/12\/weellness_spa-768x263.jpg 768w, https:\/\/www.milmari.rs\/resort\/wp-content\/uploads\/2016\/12\/weellness_spa-1024x351.jpg 1024w\" sizes=\"(max-width: 1050px) 100vw, 1050px\" \/><\/p>\n<h3><em>Tiha muzika&#8230; orijentalni mirisi&#8230; prigu\u0161eni treptaj sve\u0107a&#8230;<\/em><\/h3>\n<h4>Dobrodo\u0161li u Wellness Centar Milmari Kopaonik!<\/h4>\n<p>Osnovna ideja wellness-a naslu\u0107uje se ve\u0107 iz samog naziva koji ozna\u010dava blagostanje, dobro zdravlje, ali i sre\u0107u. I zaista, koncept wellness-a zasniva se unutra\u0161njem ose\u0107aju zadovoljstva \u010doveka kao uslovu za prevenciju ve\u0107ine bolesti savremene civilizacije.<\/p>\n<p>Milmari sa svojim sadr\u017eajima Vam nudi mogu\u0107nost odabira onih usluga koje \u0107e Vas dovesti do postizanja potpune harmonije u Va\u0161em umu, duhu i telu. Opustite se i u\u017eivajte&#8230;<\/p>\n<h3>Bazen<\/h3>\n<p>Na\u0161e telo \u010dini 90% vode zato je i odnos sa vodom izuzetno va\u017ean za svakog \u010doveka. Voda predstavlja osnovnu fiziolo\u0161ku potrebu svakoga od nas, ali ima i veliku ulogu u relaksaciji na\u0161eg tela. U prijatnoj atmosferi na\u0161eg bazena, dimenzija 13 m x 7 m, priu\u0161ti\u0107ete sebi pravo opu\u0161tanje. Temperatura vode iznosi 30 0C. U sklopu bazena nalazi se i finska sauna u kojoj je temperatura 70-100 0C, ali da bi ugo\u0111aj bio potpun nemojte propustiti priliku da u\u017eivate i u na\u0161em Jacuzzi-u.<\/p>\n<h3>Finska sauna<\/h3>\n<p>Nakon napornog dana na ski stazama Kopaonika, na\u0161a preporuka je da se opustite u sauni Milmari Resorta. Saune se koriste \u0161irom sveta za pobolj\u0161anje zdravlja. Preznojavanje tela do kojeg dolazi tokom boravka u sauni osloba\u0111a se organizam od toksina, ja\u010da imunolo\u0161ki sistem, opu\u0161ta telo od napetosti i organizam od stresa. Boravak u sauni u\u010dini\u0107e da se ose\u0107ate zdravije i poletnije. Sauna je prostorija od drveta sa temparaturom vazduha od 70-100 0C, a vla\u017enost vazduha je niska od 10-15% pa je zato nazivaju suva sauna. Preporu\u010duje se boravak od 8-15 min., a nakon toga sledi faza hla\u0111enja pod tu\u0161em ili kupanjem u bazenu. Ciklus delovanja vru\u0107eg vazduha i hladne vode mo\u017ee se ponoviti maximalno 3 puta u toku dana.<\/p>\n<h3>BIO sauna<\/h3>\n<p>Za goste koji ne toleri\u0161u visoke temperature namenjena je novija verzija tradicionalne finske saun\u0435. Pored klasi\u010dne finske pe\u0107i, pe\u0107 je opremljena dodatnim rezervoarom za vodu, koji u prostor unosi dodatnu vla\u017enost i time pospe\u0161uje znojenje. Elektronska kontrola omogu\u0107ava pove\u0107anje vla\u017enosti i temperature (do 60\u00b0C) ili kao klasi\u010dna finska do 100 \u00b0C na kojoj nema dodatne vlage.<\/p>\n<h3>Infracrvena sauna<\/h3>\n<p>Podsti\u010de lu\u010denje endorfina (hormona sre\u0107e) \u0161to dovodi do dobrog raspolo\u017eenja I ima veliki zna\u010daj u borbi protiv stresa, opu\u0161ta i osloba\u0111a nervno-emocionalne napetosti. Tretmani u infracrvenoj sauni imaju umiruju\u0107i efekat na nervni sistem, poma\u017eu kod nesanice, smanjuju stres i neuroze. Takodje veliki zna\u010daj kori\u0161\u0107enja ogleda se u otklanjanju mi\u0161i\u0107ne napetosti, detoksikacije organizma, uti\u010de na regeneraciju tkiva, blagotvorno deluje na zglobove i limfni sistem. Redovnim kori\u0161\u0107enjem gube se masno\u0107e i suvi\u0161ni kilogrami, pospe\u0161uje se koncentracija, ja\u010da imunitet i borba protiv virusa i infekcija. Naro\u010dito se preporu\u010duje kod ubrzanja regeneracije nakon sportskih povreda, bolova u zglobovima i mi\u0161i\u0107ima, hroni\u010dnog umora, \u010destih glavobolja i depresije.<\/p>\n<h3>Ruska banja<\/h3>\n<p>Nisu stari Rusi bez razloga, kada su se doseljavali na neko novo mesto, najpre gradili banju, a potom ku\u0107u. Banja je slu\u017eila i za kupanje i za le\u010denje i za relaksaciju. Jednostavnije re\u010deno, za zadovoljstvo. U Ruskoj banji temperatura mo\u017ee biti i do 100 0C, a vazduh treba da bude \u0161to vla\u017eniji (oko 50%). Poseban u\u017eitak pru\u017ea para sa mirisom lekovitih trava.<\/p>\n<h3>Hamam &#8211; parno kupatilo<\/h3>\n<p>Milmari Resort Vam donosi kulturu Istoka na Kopaonik. Ulje eukaliptusa u vazduhu koji je zasi\u0107en vlagom i temperatura koja dosti\u017ee 50 0C \u2013 savr\u0161ena relaksacija nakon napornog dana. Odli\u010dno uti\u010de na celokupan organizam, podsti\u010de proces okrepljenja tela, uti\u010de na blistavost ko\u017ee&#8230; Opusti te se i u\u017eivajte&#8230;<\/p>\n<h3>Slana soba<\/h3>\n<p>Osetite blagodeti morske soli u Milmari Resort-u..\u00a0Termin<strong> haloterapija<\/strong> nastao je od gr\u010dke re\u010di \u201ehalos\u201d, koja u prevodu zna\u010di so. Re\u010d je o snazi dejstva regenerisanih negativnih jona koje nose mikro\u010destice soli. Haloterapija se zasniva na udisanju vazduha sa mikro\u010desticama prirodne kamene soli. Upravo slana soba predstavlja prostor koji imitira slanu pe\u0107inu sa lekovitom mikroklimom. Terapija u slanim sobama blagotvorna je kod upornih zapaljenja sinusa, bronhitisa, ko\u017enih oboljenja. Preporu\u010duje se izme\u0111u 30 do 40 minuta dnevnog kori\u0161\u0107enja.<\/p>\n<h2>Tepidarijum<\/h2>\n<p>Jos pre nove ere Rimljani su puno pa\u017enje posve\u0107ivali svom fizi\u010dkom zdravlju. Kao produkt njihove posve\u0107enosti nastala su i topla kupatila u kojima su provodili svoje slobodno vreme uspostavljaju\u0107i istovremeno balans u organizmu kome danas svi te\u017eimo. Le\u017ealjke se zagrevaju od 37 \u2013 39 0C, pribli\u017eno temparaturi tela. Krvni sudovi se \u0161ire, pobolj\u0161ava se protok krvi, samim tim posti\u017ee se pozitivan efekat na vegetativni nervni sistem i organizam vra\u0107a u normalnu funkciju. Tepidarijum je i mesto gde se korisnici pripremaju za parno kupatilo.<\/p>\n<h3>WELLNESS &amp; SPA<\/h3>\n<p><span style=\"color: #cc0000;\"><strong>RELAX MASA\u017dA<\/strong><\/span><br \/>\nRelax masa\u017ea je blaga prijatna ru\u010dna masa\u017ea kojom se posti\u017ee opu\u0161tanje organizma sjedinjavanjem protoka energije. Ima za cilj negovanje tela radi podizanja op\u0161teg zdravstvenog stanja. Slu\u017ei za prevenciju stresa i premora,<br \/>\nkao i relaksaciju mi\u0161i\u0107a.<\/p>\n<p><span style=\"color: #cc0000;\"><strong>PARCIJALNA MASA\u017dA\u00a0<\/strong><\/span><br \/>\nParcijalna masa\u017ea se primenjuje na zahtev klijenta i odnosi se na tretiranje odre\u0111enog dela tela (le\u0111a ili noge), sa ciljem da se masirani deo tela dodatno opusti \u0161to \u0107e omogu\u0107iti skladnofunkcionisanje kompletnog organizma.<\/p>\n<p><span style=\"color: #cc0000;\"><strong>SPORTSKA MASA\u017dA<\/strong><\/span><br \/>\nCilj sportske masa\u017ee je da br\u017ee i efikasnije otkloni sve \u0161tetne i nepo\u017eeljne posledice koje nastaju usled poja\u0107anih psihofizi\u010dkih napora. Sportska masa\u017ea odr\u017eava mi\u0161i\u0107e zdravim, gipkim, manje podlo\u017enim povredama, pove\u0107ava opseg pokreta, snagu povre\u0111enih mi\u0161i\u0107a, pobolj\u0161ava protok krvi i \u010dini nas spremnijim za nove i bolje rezultate u sportskim i \u017eivotnim izazovima.<\/p>\n<p><span style=\"color: #cc0000;\"><strong>MILMARI TRETMAN (masa\u017ea + piling)\u00a0<\/strong><\/span><br \/>\nPiling tela \u201ebudi ko\u017eu&#8220; otvaraju\u0107i pore \u010dine\u0107i je sve\u017eom, mekom i umirenom. Tretman je pogodan za sve klijente, jer nije invazivan, ve\u0107 prijatan i bezbedan. Piling se utrljava u ko\u017eu tela masa\u017enim pokretima ruku, a potom se nastavlja sa masa\u017eom koja ima za cilj potpunu relalcsaciju celog tela.<\/p>\n<p><span style=\"color: #cc0000;\"><strong>MASA\u017dA TOPLOM \u010cOKOLADOM<\/strong><\/span><br \/>\nMasa\u017ea toplom \u010dokoladom hrani, regeneri\u0161e, budi vitalnu snagu i vra\u0107a harmoniju \u010ditavom organizmu. \u010cokolada relalcsiraju\u0107e deluje na psihu i \u010dula putem mirisa kao aromaterapija. Putem ne\u017ene stimulacije energetskih ta\u010daka tretman \u010dokoladom smanjuje napetost i stres, a miris \u010dokolade daje prijatan ose\u0107aj relaksacije, opu\u0161ta i popravlja raspolo\u017eenje.<\/p>\n<p><span style=\"color: #cc0000;\"><strong>MASA\u017dA TOPLIM KAMENJEM<\/strong><\/span><br \/>\nSpecijalnim laganim i dubokim ritmi\u010dkim pokretima masa\u017ee u kombinaciji sa adelcvatnim uljima i zagrejanim kamenjem stvara se ose\u0107aj harmonije i ravnote\u017ee u telu, kao i smanjenje stresa i opu\u0161tanje mi\u0161i\u0107a.<\/p>\n<div class=\"gdlr-shortcode-wrapper\"><div class=\"gdlr-gallery-item gdlr-item\" ><div class=\"gallery-column two columns\"><div class=\"gallery-item\"><a href=\"https:\/\/www.milmari.rs\/resort\/wp-content\/uploads\/2016\/12\/Milmari_Resort_279-1.jpg\" data-fancybox-group=\"gdlr-gal-1\" data-rel=\"fancybox\" ><img src=\"https:\/\/www.milmari.rs\/resort\/wp-content\/uploads\/2016\/12\/Milmari_Resort_279-1-150x150.jpg\" alt=\"\" width=\"150\" height=\"150\" \/><\/a><\/div><\/div><div class=\"gallery-column two columns\"><div class=\"gallery-item\"><a href=\"https:\/\/www.milmari.rs\/resort\/wp-content\/uploads\/2016\/12\/Milmari_Resort_276-1.jpg\" data-fancybox-group=\"gdlr-gal-1\" data-rel=\"fancybox\" ><img src=\"https:\/\/www.milmari.rs\/resort\/wp-content\/uploads\/2016\/12\/Milmari_Resort_276-1-150x150.jpg\" alt=\"\" width=\"150\" height=\"150\" \/><\/a><\/div><\/div><div class=\"gallery-column two columns\"><div class=\"gallery-item\"><a href=\"https:\/\/www.milmari.rs\/resort\/wp-content\/uploads\/2016\/12\/Milmari_Resort_265-1.jpg\" data-fancybox-group=\"gdlr-gal-1\" data-rel=\"fancybox\" ><img src=\"https:\/\/www.milmari.rs\/resort\/wp-content\/uploads\/2016\/12\/Milmari_Resort_265-1-150x150.jpg\" alt=\"\" width=\"150\" height=\"150\" \/><\/a><\/div><\/div><div class=\"gallery-column two columns\"><div class=\"gallery-item\"><a href=\"https:\/\/www.milmari.rs\/resort\/wp-content\/uploads\/2016\/12\/Milmari_Resort_262-1.jpg\" data-fancybox-group=\"gdlr-gal-1\" data-rel=\"fancybox\" ><img src=\"https:\/\/www.milmari.rs\/resort\/wp-content\/uploads\/2016\/12\/Milmari_Resort_262-1-150x150.jpg\" alt=\"\" width=\"150\" height=\"150\" \/><\/a><\/div><\/div><div class=\"gallery-column two columns\"><div class=\"gallery-item\"><a href=\"https:\/\/www.milmari.rs\/resort\/wp-content\/uploads\/2016\/12\/Milmari_Resort_268-1.jpg\" data-fancybox-group=\"gdlr-gal-1\" data-rel=\"fancybox\" ><img src=\"https:\/\/www.milmari.rs\/resort\/wp-content\/uploads\/2016\/12\/Milmari_Resort_268-1-150x150.jpg\" alt=\"\" width=\"150\" height=\"150\" \/><\/a><\/div><\/div><div class=\"gallery-column two columns\"><div class=\"gallery-item\"><a href=\"https:\/\/www.milmari.rs\/resort\/wp-content\/uploads\/2016\/12\/Milmari_Resort_271-1.jpg\" data-fancybox-group=\"gdlr-gal-1\" data-rel=\"fancybox\" ><img src=\"https:\/\/www.milmari.rs\/resort\/wp-content\/uploads\/2016\/12\/Milmari_Resort_271-1-150x150.jpg\" alt=\"\" width=\"150\" height=\"150\" \/><\/a><\/div><\/div><div class=\"clear\"><\/div><div class=\"gallery-column two columns\"><div class=\"gallery-item\"><a href=\"https:\/\/www.milmari.rs\/resort\/wp-content\/uploads\/2016\/12\/Milmari_Resort_266-1.jpg\" data-fancybox-group=\"gdlr-gal-1\" data-rel=\"fancybox\" ><img src=\"https:\/\/www.milmari.rs\/resort\/wp-content\/uploads\/2016\/12\/Milmari_Resort_266-1-150x150.jpg\" alt=\"\" width=\"150\" height=\"150\" \/><\/a><\/div><\/div><div class=\"gallery-column two columns\"><div class=\"gallery-item\"><a href=\"https:\/\/www.milmari.rs\/resort\/wp-content\/uploads\/2016\/12\/Milmari_Resort_287-1.jpg\" data-fancybox-group=\"gdlr-gal-1\" data-rel=\"fancybox\" ><img src=\"https:\/\/www.milmari.rs\/resort\/wp-content\/uploads\/2016\/12\/Milmari_Resort_287-1-150x150.jpg\" alt=\"\" width=\"150\" height=\"150\" \/><\/a><\/div><\/div><div class=\"gallery-column two columns\"><div class=\"gallery-item\"><a href=\"https:\/\/www.milmari.rs\/resort\/wp-content\/uploads\/2016\/12\/Milmari_Resort_288-1.jpg\" data-fancybox-group=\"gdlr-gal-1\" data-rel=\"fancybox\" ><img src=\"https:\/\/www.milmari.rs\/resort\/wp-content\/uploads\/2016\/12\/Milmari_Resort_288-1-150x150.jpg\" alt=\"\" width=\"150\" height=\"150\" \/><\/a><\/div><\/div><div class=\"gallery-column two columns\"><div class=\"gallery-item\"><a href=\"https:\/\/www.milmari.rs\/resort\/wp-content\/uploads\/2016\/12\/Milmari_Resort_289-1.jpg\" data-fancybox-group=\"gdlr-gal-1\" data-rel=\"fancybox\" ><img src=\"https:\/\/www.milmari.rs\/resort\/wp-content\/uploads\/2016\/12\/Milmari_Resort_289-1-150x150.jpg\" alt=\"\" width=\"150\" height=\"150\" \/><\/a><\/div><\/div><div class=\"gallery-column two columns\"><div class=\"gallery-item\"><a href=\"https:\/\/www.milmari.rs\/resort\/wp-content\/uploads\/2016\/12\/Milmari_Resort_292-1.jpg\" data-fancybox-group=\"gdlr-gal-1\" data-rel=\"fancybox\" ><img src=\"https:\/\/www.milmari.rs\/resort\/wp-content\/uploads\/2016\/12\/Milmari_Resort_292-1-150x150.jpg\" alt=\"\" width=\"150\" height=\"150\" \/><\/a><\/div><\/div><div class=\"gallery-column two columns\"><div class=\"gallery-item\"><a href=\"https:\/\/www.milmari.rs\/resort\/wp-content\/uploads\/2016\/12\/Milmari_Resort_263-1.jpg\" data-fancybox-group=\"gdlr-gal-1\" data-rel=\"fancybox\" ><img src=\"https:\/\/www.milmari.rs\/resort\/wp-content\/uploads\/2016\/12\/Milmari_Resort_263-1-150x150.jpg\" alt=\"\" width=\"150\" height=\"150\" \/><\/a><\/div><\/div><div class=\"clear\"><\/div><div class=\"gallery-column two columns\"><div class=\"gallery-item\"><a href=\"https:\/\/www.milmari.rs\/resort\/wp-content\/uploads\/2016\/12\/Milmari_Resort_290-1.jpg\" data-fancybox-group=\"gdlr-gal-1\" data-rel=\"fancybox\" ><img src=\"https:\/\/www.milmari.rs\/resort\/wp-content\/uploads\/2016\/12\/Milmari_Resort_290-1-150x150.jpg\" alt=\"\" width=\"150\" height=\"150\" \/><\/a><\/div><\/div><div class=\"gallery-column two columns\"><div class=\"gallery-item\"><a href=\"https:\/\/www.milmari.rs\/resort\/wp-content\/uploads\/2016\/12\/Milmari_Resort_294-1.jpg\" data-fancybox-group=\"gdlr-gal-1\" data-rel=\"fancybox\" ><img src=\"https:\/\/www.milmari.rs\/resort\/wp-content\/uploads\/2016\/12\/Milmari_Resort_294-1-150x150.jpg\" alt=\"\" width=\"150\" height=\"150\" \/><\/a><\/div><\/div><div class=\"gallery-column two columns\"><div class=\"gallery-item\"><a href=\"https:\/\/www.milmari.rs\/resort\/wp-content\/uploads\/2016\/12\/Milmari_Resort_298-1.jpg\" data-fancybox-group=\"gdlr-gal-1\" data-rel=\"fancybox\" ><img src=\"https:\/\/www.milmari.rs\/resort\/wp-content\/uploads\/2016\/12\/Milmari_Resort_298-1-150x150.jpg\" alt=\"\" width=\"150\" height=\"150\" \/><\/a><\/div><\/div><div class=\"gallery-column two columns\"><div class=\"gallery-item\"><a href=\"https:\/\/www.milmari.rs\/resort\/wp-content\/uploads\/2016\/12\/Milmari_Resort_303-1.jpg\" data-fancybox-group=\"gdlr-gal-1\" data-rel=\"fancybox\" ><img src=\"https:\/\/www.milmari.rs\/resort\/wp-content\/uploads\/2016\/12\/Milmari_Resort_303-1-150x150.jpg\" alt=\"\" width=\"150\" height=\"150\" \/><\/a><\/div><\/div><div class=\"gallery-column two columns\"><div class=\"gallery-item\"><a href=\"https:\/\/www.milmari.rs\/resort\/wp-content\/uploads\/2016\/12\/Milmari_Resort_305-1.jpg\" data-fancybox-group=\"gdlr-gal-1\" data-rel=\"fancybox\" ><img src=\"https:\/\/www.milmari.rs\/resort\/wp-content\/uploads\/2016\/12\/Milmari_Resort_305-1-150x150.jpg\" alt=\"\" width=\"150\" height=\"150\" \/><\/a><\/div><\/div><div class=\"gallery-column two columns\"><div class=\"gallery-item\"><a href=\"https:\/\/www.milmari.rs\/resort\/wp-content\/uploads\/2016\/12\/Milmari_Resort_309-1.jpg\" data-fancybox-group=\"gdlr-gal-1\" data-rel=\"fancybox\" ><img src=\"https:\/\/www.milmari.rs\/resort\/wp-content\/uploads\/2016\/12\/Milmari_Resort_309-1-150x150.jpg\" alt=\"\" width=\"150\" height=\"150\" \/><\/a><\/div><\/div><div class=\"clear\"><\/div><div class=\"gallery-column two columns\"><div class=\"gallery-item\"><a href=\"https:\/\/www.milmari.rs\/resort\/wp-content\/uploads\/2016\/12\/Milmari_Resort_311-1.jpg\" data-fancybox-group=\"gdlr-gal-1\" data-rel=\"fancybox\" ><img src=\"https:\/\/www.milmari.rs\/resort\/wp-content\/uploads\/2016\/12\/Milmari_Resort_311-1-150x150.jpg\" alt=\"\" width=\"150\" height=\"150\" \/><\/a><\/div><\/div><div class=\"gallery-column two columns\"><div class=\"gallery-item\"><a href=\"https:\/\/www.milmari.rs\/resort\/wp-content\/uploads\/2016\/12\/Milmari_Resort_313-1.jpg\" data-fancybox-group=\"gdlr-gal-1\" data-rel=\"fancybox\" ><img src=\"https:\/\/www.milmari.rs\/resort\/wp-content\/uploads\/2016\/12\/Milmari_Resort_313-1-150x150.jpg\" alt=\"\" width=\"150\" height=\"150\" \/><\/a><\/div><\/div><div class=\"gallery-column two columns\"><div class=\"gallery-item\"><a href=\"https:\/\/www.milmari.rs\/resort\/wp-content\/uploads\/2022\/01\/viber_image_2022-01-13_15-07-17-969.jpg\" data-fancybox-group=\"gdlr-gal-1\" data-rel=\"fancybox\" ><img src=\"https:\/\/www.milmari.rs\/resort\/wp-content\/uploads\/2022\/01\/viber_image_2022-01-13_15-07-17-969-150x150.jpg\" alt=\"\" width=\"150\" height=\"150\" \/><\/a><\/div><\/div><div class=\"gallery-column two columns\"><div class=\"gallery-item\"><a href=\"https:\/\/www.milmari.rs\/resort\/wp-content\/uploads\/2022\/01\/viber_image_2022-01-13_15-07-19-161.jpg\" data-fancybox-group=\"gdlr-gal-1\" data-rel=\"fancybox\" ><img src=\"https:\/\/www.milmari.rs\/resort\/wp-content\/uploads\/2022\/01\/viber_image_2022-01-13_15-07-19-161-150x150.jpg\" alt=\"\" width=\"150\" height=\"150\" \/><\/a><\/div><\/div><div class=\"gallery-column two columns\"><div class=\"gallery-item\"><a href=\"https:\/\/www.milmari.rs\/resort\/wp-content\/uploads\/2022\/01\/viber_image_2022-01-13_15-07-20-177.jpg\" data-fancybox-group=\"gdlr-gal-1\" data-rel=\"fancybox\" ><img src=\"https:\/\/www.milmari.rs\/resort\/wp-content\/uploads\/2022\/01\/viber_image_2022-01-13_15-07-20-177-150x150.jpg\" alt=\"\" width=\"150\" height=\"150\" \/><\/a><\/div><\/div><div class=\"gallery-column two columns\"><div class=\"gallery-item\"><a href=\"https:\/\/www.milmari.rs\/resort\/wp-content\/uploads\/2022\/01\/viber_image_2022-01-13_15-07-21-366.jpg\" data-fancybox-group=\"gdlr-gal-1\" data-rel=\"fancybox\" ><img src=\"https:\/\/www.milmari.rs\/resort\/wp-content\/uploads\/2022\/01\/viber_image_2022-01-13_15-07-21-366-150x150.jpg\" alt=\"\" width=\"150\" height=\"150\" \/><\/a><\/div><\/div><div class=\"clear\"><\/div><div class=\"gallery-column two columns\"><div class=\"gallery-item\"><a href=\"https:\/\/www.milmari.rs\/resort\/wp-content\/uploads\/2022\/01\/viber_image_2022-01-13_15-07-22-608.jpg\" data-fancybox-group=\"gdlr-gal-1\" data-rel=\"fancybox\" ><img src=\"https:\/\/www.milmari.rs\/resort\/wp-content\/uploads\/2022\/01\/viber_image_2022-01-13_15-07-22-608-150x150.jpg\" alt=\"\" width=\"150\" height=\"150\" \/><\/a><\/div><\/div><div class=\"clear\"><\/div><\/div><\/div>\n","protected":false},"excerpt":{"rendered":"<p>Tiha muzika&#8230; orijentalni mirisi&#8230; prigu\u0161eni treptaj sve\u0107a&#8230; Dobrodo\u0161li u Wellness Centar Milmari Kopaonik! Osnovna ideja wellness-a naslu\u0107uje se ve\u0107 iz samog naziva koji ozna\u010dava blagostanje, dobro zdravlje, ali i sre\u0107u. I zaista, koncept wellness-a zasniva se unutra\u0161njem ose\u0107aju zadovoljstva \u010doveka kao uslovu za prevenciju ve\u0107ine bolesti savremene civilizacije. Milmari sa svojim sadr\u017eajima Vam nudi mogu\u0107nost&#8230; <\/p>\n<div class=\"clear\"><\/div>\n<p><a href=\"https:\/\/www.milmari.rs\/resort\/wellness-spa-centar\/\" class=\"excerpt-read-more\">Continue Reading<i class=\"fa fa-long-arrow-right icon-long-arrow-right\"><\/i><\/a><\/p>\n","protected":false},"author":1,"featured_media":0,"parent":0,"menu_order":0,"comment_status":"closed","ping_status":"closed","template":"","meta":{"_mi_skip_tracking":false,"_wp_rev_ctl_limit":""},"yoast_head":"<!-- This site is optimized with the Yoast SEO plugin v15.9.1 - https:\/\/yoast.com\/wordpress\/plugins\/seo\/ -->\n<title>Wellness &amp; Spa Centar - Milmari Kopaonik<\/title>\n<meta name=\"robots\" content=\"index, follow, max-snippet:-1, max-image-preview:large, max-video-preview:-1\" \/>\n<link rel=\"canonical\" href=\"https:\/\/www.milmari.rs\/resort\/wellness-spa-centar\/\" \/>\n<meta property=\"og:locale\" content=\"sr_RS\" \/>\n<meta property=\"og:type\" content=\"article\" \/>\n<meta property=\"og:title\" content=\"Wellness &amp; Spa Centar - Milmari Kopaonik\" \/>\n<meta property=\"og:description\" content=\"Tiha muzika&#8230; orijentalni mirisi&#8230; prigu\u0161eni treptaj sve\u0107a&#8230; Dobrodo\u0161li u Wellness Centar Milmari Kopaonik! Osnovna ideja wellness-a naslu\u0107uje se ve\u0107 iz samog naziva koji ozna\u010dava blagostanje, dobro zdravlje, ali i sre\u0107u. I zaista, koncept wellness-a zasniva se unutra\u0161njem ose\u0107aju zadovoljstva \u010doveka kao uslovu za prevenciju ve\u0107ine bolesti savremene civilizacije. Milmari sa svojim sadr\u017eajima Vam nudi mogu\u0107nost... Continue Reading\" \/>\n<meta property=\"og:url\" content=\"https:\/\/www.milmari.rs\/resort\/wellness-spa-centar\/\" \/>\n<meta property=\"og:site_name\" content=\"Milmari Kopaonik\" \/>\n<meta property=\"article:publisher\" content=\"https:\/\/www.facebook.com\/MilmariResorts\" \/>\n<meta property=\"article:modified_time\" content=\"2024-11-23T08:05:16+00:00\" \/>\n<meta property=\"og:image\" content=\"https:\/\/www.milmari.rs\/resort\/wp-content\/uploads\/2016\/12\/Milmari_Resort_279-1-150x150.jpg\" \/>\n<meta name=\"twitter:card\" content=\"summary\" \/>\n<meta name=\"twitter:label1\" content=\"Est. reading time\">\n\t<meta name=\"twitter:data1\" content=\"5 minuta\">\n<script type=\"application\/ld+json\" class=\"yoast-schema-graph\">{\"@context\":\"https:\/\/schema.org\",\"@graph\":[{\"@type\":\"WebSite\",\"@id\":\"https:\/\/www.milmari.rs\/resort\/#website\",\"url\":\"https:\/\/www.milmari.rs\/resort\/\",\"name\":\"Milmari Kopaonik\",\"description\":\"Hotel sa pogledom iz snova\",\"potentialAction\":[{\"@type\":\"SearchAction\",\"target\":\"https:\/\/www.milmari.rs\/resort\/?s={search_term_string}\",\"query-input\":\"required name=search_term_string\"}],\"inLanguage\":\"sr-RS\"},{\"@type\":\"ImageObject\",\"@id\":\"https:\/\/www.milmari.rs\/resort\/wellness-spa-centar\/#primaryimage\",\"inLanguage\":\"sr-RS\",\"url\":\"http:\/\/milmari.rs\/resort\/wp-content\/uploads\/2016\/12\/weellness_spa.jpg\"},{\"@type\":\"WebPage\",\"@id\":\"https:\/\/www.milmari.rs\/resort\/wellness-spa-centar\/#webpage\",\"url\":\"https:\/\/www.milmari.rs\/resort\/wellness-spa-centar\/\",\"name\":\"Wellness & Spa Centar - Milmari Kopaonik\",\"isPartOf\":{\"@id\":\"https:\/\/www.milmari.rs\/resort\/#website\"},\"primaryImageOfPage\":{\"@id\":\"https:\/\/www.milmari.rs\/resort\/wellness-spa-centar\/#primaryimage\"},\"datePublished\":\"2016-12-26T16:25:43+00:00\",\"dateModified\":\"2024-11-23T08:05:16+00:00\",\"breadcrumb\":{\"@id\":\"https:\/\/www.milmari.rs\/resort\/wellness-spa-centar\/#breadcrumb\"},\"inLanguage\":\"sr-RS\",\"potentialAction\":[{\"@type\":\"ReadAction\",\"target\":[\"https:\/\/www.milmari.rs\/resort\/wellness-spa-centar\/\"]}]},{\"@type\":\"BreadcrumbList\",\"@id\":\"https:\/\/www.milmari.rs\/resort\/wellness-spa-centar\/#breadcrumb\",\"itemListElement\":[{\"@type\":\"ListItem\",\"position\":1,\"item\":{\"@type\":\"WebPage\",\"@id\":\"https:\/\/www.milmari.rs\/resort\/\",\"url\":\"https:\/\/www.milmari.rs\/resort\/\",\"name\":\"Po\\u010detna\"}},{\"@type\":\"ListItem\",\"position\":2,\"item\":{\"@type\":\"WebPage\",\"@id\":\"https:\/\/www.milmari.rs\/resort\/wellness-spa-centar\/\",\"url\":\"https:\/\/www.milmari.rs\/resort\/wellness-spa-centar\/\",\"name\":\"Wellness &#038; Spa Centar\"}}]}]}<\/script>\n<!-- \/ Yoast SEO plugin. -->","_links":{"self":[{"href":"https:\/\/www.milmari.rs\/resort\/wp-json\/wp\/v2\/pages\/4488"}],"collection":[{"href":"https:\/\/www.milmari.rs\/resort\/wp-json\/wp\/v2\/pages"}],"about":[{"href":"https:\/\/www.milmari.rs\/resort\/wp-json\/wp\/v2\/types\/page"}],"author":[{"embeddable":true,"href":"https:\/\/www.milmari.rs\/resort\/wp-json\/wp\/v2\/users\/1"}],"replies":[{"embeddable":true,"href":"https:\/\/www.milmari.rs\/resort\/wp-json\/wp\/v2\/comments?post=4488"}],"version-history":[{"count":1,"href":"https:\/\/www.milmari.rs\/resort\/wp-json\/wp\/v2\/pages\/4488\/revisions"}],"predecessor-version":[{"id":5666,"href":"https:\/\/www.milmari.rs\/resort\/wp-json\/wp\/v2\/pages\/4488\/revisions\/5666"}],"wp:attachment":[{"href":"https:\/\/www.milmari.rs\/resort\/wp-json\/wp\/v2\/media?parent=4488"}],"curies":[{"name":"wp","href":"https:\/\/api.w.org\/{rel}","templated":true}]}}