{"id":4538,"date":"2016-12-26T18:46:29","date_gmt":"2016-12-26T17:46:29","guid":{"rendered":"http:\/\/milmari.rs\/resort\/?page_id=4538"},"modified":"2024-01-09T16:47:58","modified_gmt":"2024-01-09T15:47:58","slug":"restoran-nacionalne-kuhinje","status":"publish","type":"page","link":"https:\/\/www.milmari.rs\/resort\/restoran-nacionalne-kuhinje\/","title":{"rendered":"Restoran nacionalne kuhinje"},"content":{"rendered":"<p><img loading=\"lazy\" class=\"alignnone size-full wp-image-4539\" src=\"http:\/\/milmari.rs\/resort\/wp-content\/uploads\/2016\/12\/restoran.jpg\" alt=\"\" width=\"1050\" height=\"509\" srcset=\"https:\/\/www.milmari.rs\/resort\/wp-content\/uploads\/2016\/12\/restoran.jpg 1050w, https:\/\/www.milmari.rs\/resort\/wp-content\/uploads\/2016\/12\/restoran-300x145.jpg 300w, https:\/\/www.milmari.rs\/resort\/wp-content\/uploads\/2016\/12\/restoran-768x372.jpg 768w, https:\/\/www.milmari.rs\/resort\/wp-content\/uploads\/2016\/12\/restoran-1024x496.jpg 1024w\" sizes=\"(max-width: 1050px) 100vw, 1050px\" \/><\/p>\n<p><strong>Milmari Kopaonik <\/strong>se trudi da obraduje Va\u0161a nepca raznim ukusima kako doma\u0107e tako i internacionalne kuhinje.<\/p>\n<h2>A \u2018la carte restoran<\/h2>\n<p>Raspola\u017ee sa 60 sede\u0107ih mesta u prostoru koji je uredjen tako da sva \u010dula na\u0161eg gosta budu aktivirana. U veoma prijatnom ambijentu sa fascinantnim pogledom na padine Kopaonika i prijatnim zvukom proticanja vode koji proizvode fontane u restoranu u\u017eivajte u ukusu na\u0161ih gurmanskih specijaliteta. Ponudu upotpunjuje veliki izbor kvalitetnih pi\u0107a.<\/p>\n<div class=\"gdlr-shortcode-wrapper\"><div class=\"gdlr-gallery-item gdlr-item\" ><div class=\"gallery-column one-fifth column\"><div class=\"gallery-item\"><a href=\"https:\/\/www.milmari.rs\/resort\/wp-content\/uploads\/2020\/11\/GO2A1199.jpg\" data-fancybox-group=\"gdlr-gal-1\" data-rel=\"fancybox\" ><img src=\"https:\/\/www.milmari.rs\/resort\/wp-content\/uploads\/2020\/11\/GO2A1199-150x150.jpg\" alt=\"\" width=\"150\" height=\"150\" \/><\/a><\/div><\/div><div class=\"gallery-column one-fifth column\"><div class=\"gallery-item\"><a href=\"https:\/\/www.milmari.rs\/resort\/wp-content\/uploads\/2020\/11\/GO2A1210.jpg\" data-fancybox-group=\"gdlr-gal-1\" data-rel=\"fancybox\" ><img src=\"https:\/\/www.milmari.rs\/resort\/wp-content\/uploads\/2020\/11\/GO2A1210-150x150.jpg\" alt=\"\" width=\"150\" height=\"150\" \/><\/a><\/div><\/div><div class=\"gallery-column one-fifth column\"><div class=\"gallery-item\"><a href=\"https:\/\/www.milmari.rs\/resort\/wp-content\/uploads\/2020\/11\/GO2A1204.jpg\" data-fancybox-group=\"gdlr-gal-1\" data-rel=\"fancybox\" ><img src=\"https:\/\/www.milmari.rs\/resort\/wp-content\/uploads\/2020\/11\/GO2A1204-150x150.jpg\" alt=\"\" width=\"150\" height=\"150\" \/><\/a><\/div><\/div><div class=\"gallery-column one-fifth column\"><div class=\"gallery-item\"><a href=\"https:\/\/www.milmari.rs\/resort\/wp-content\/uploads\/2020\/11\/GO2A1219.jpg\" data-fancybox-group=\"gdlr-gal-1\" data-rel=\"fancybox\" ><img src=\"https:\/\/www.milmari.rs\/resort\/wp-content\/uploads\/2020\/11\/GO2A1219-150x150.jpg\" alt=\"\" width=\"150\" height=\"150\" \/><\/a><\/div><\/div><div class=\"gallery-column one-fifth column\"><div class=\"gallery-item\"><a href=\"https:\/\/www.milmari.rs\/resort\/wp-content\/uploads\/2020\/11\/GO2A1212.jpg\" data-fancybox-group=\"gdlr-gal-1\" data-rel=\"fancybox\" ><img src=\"https:\/\/www.milmari.rs\/resort\/wp-content\/uploads\/2020\/11\/GO2A1212-150x150.jpg\" alt=\"\" width=\"150\" height=\"150\" \/><\/a><\/div><\/div><div class=\"clear\"><\/div><div class=\"gallery-column one-fifth column\"><div class=\"gallery-item\"><a href=\"https:\/\/www.milmari.rs\/resort\/wp-content\/uploads\/2020\/11\/GO2A1240.jpg\" data-fancybox-group=\"gdlr-gal-1\" data-rel=\"fancybox\" ><img src=\"https:\/\/www.milmari.rs\/resort\/wp-content\/uploads\/2020\/11\/GO2A1240-150x150.jpg\" alt=\"\" width=\"150\" height=\"150\" \/><\/a><\/div><\/div><div class=\"gallery-column one-fifth column\"><div class=\"gallery-item\"><a href=\"https:\/\/www.milmari.rs\/resort\/wp-content\/uploads\/2020\/11\/GO2A1232.jpg\" data-fancybox-group=\"gdlr-gal-1\" data-rel=\"fancybox\" ><img src=\"https:\/\/www.milmari.rs\/resort\/wp-content\/uploads\/2020\/11\/GO2A1232-150x150.jpg\" alt=\"\" width=\"150\" height=\"150\" \/><\/a><\/div><\/div><div class=\"gallery-column one-fifth column\"><div class=\"gallery-item\"><a href=\"https:\/\/www.milmari.rs\/resort\/wp-content\/uploads\/2020\/11\/GO2A1230.jpg\" data-fancybox-group=\"gdlr-gal-1\" data-rel=\"fancybox\" ><img src=\"https:\/\/www.milmari.rs\/resort\/wp-content\/uploads\/2020\/11\/GO2A1230-150x150.jpg\" alt=\"\" width=\"150\" height=\"150\" \/><\/a><\/div><\/div><div class=\"gallery-column one-fifth column\"><div class=\"gallery-item\"><a href=\"https:\/\/www.milmari.rs\/resort\/wp-content\/uploads\/2020\/11\/GO2A1236.jpg\" data-fancybox-group=\"gdlr-gal-1\" data-rel=\"fancybox\" ><img src=\"https:\/\/www.milmari.rs\/resort\/wp-content\/uploads\/2020\/11\/GO2A1236-150x150.jpg\" alt=\"\" width=\"150\" height=\"150\" \/><\/a><\/div><\/div><div class=\"gallery-column one-fifth column\"><div class=\"gallery-item\"><a href=\"https:\/\/www.milmari.rs\/resort\/wp-content\/uploads\/2020\/11\/GO2A1222.jpg\" data-fancybox-group=\"gdlr-gal-1\" data-rel=\"fancybox\" ><img src=\"https:\/\/www.milmari.rs\/resort\/wp-content\/uploads\/2020\/11\/GO2A1222-150x150.jpg\" alt=\"\" width=\"150\" height=\"150\" \/><\/a><\/div><\/div><div class=\"clear\"><\/div><div class=\"gallery-column one-fifth column\"><div class=\"gallery-item\"><a href=\"https:\/\/www.milmari.rs\/resort\/wp-content\/uploads\/2016\/12\/Milmari_Resort_233.jpg\" data-fancybox-group=\"gdlr-gal-1\" data-rel=\"fancybox\" ><img src=\"https:\/\/www.milmari.rs\/resort\/wp-content\/uploads\/2016\/12\/Milmari_Resort_233-150x150.jpg\" alt=\"\" width=\"150\" height=\"150\" \/><\/a><\/div><\/div><div class=\"gallery-column one-fifth column\"><div class=\"gallery-item\"><a href=\"https:\/\/www.milmari.rs\/resort\/wp-content\/uploads\/2016\/12\/Milmari_Resort_232.jpg\" data-fancybox-group=\"gdlr-gal-1\" data-rel=\"fancybox\" ><img src=\"https:\/\/www.milmari.rs\/resort\/wp-content\/uploads\/2016\/12\/Milmari_Resort_232-150x150.jpg\" alt=\"\" width=\"150\" height=\"150\" \/><\/a><\/div><\/div><div class=\"clear\"><\/div><\/div><\/div>\n<div class=\"gdlr-shortcode-wrapper\"><div class=\"gdlr-gallery-item gdlr-item\" ><div class=\"gallery-column one-seventh column\"><div class=\"gallery-item\"><a href=\"https:\/\/www.milmari.rs\/resort\/wp-content\/uploads\/2022\/02\/201047825.jpg\" data-fancybox-group=\"gdlr-gal-2\" data-rel=\"fancybox\" ><img src=\"https:\/\/www.milmari.rs\/resort\/wp-content\/uploads\/2022\/02\/201047825-150x150.jpg\" alt=\"\" width=\"150\" height=\"150\" \/><\/a><\/div><\/div><div class=\"gallery-column one-seventh column\"><div class=\"gallery-item\"><a href=\"https:\/\/www.milmari.rs\/resort\/wp-content\/uploads\/2022\/02\/62261271_463544051072195_6643575260220227584_o.jpg\" data-fancybox-group=\"gdlr-gal-2\" data-rel=\"fancybox\" ><img src=\"https:\/\/www.milmari.rs\/resort\/wp-content\/uploads\/2022\/02\/62261271_463544051072195_6643575260220227584_o-150x150.jpg\" alt=\"\" width=\"150\" height=\"150\" \/><\/a><\/div><\/div><div class=\"gallery-column one-seventh column\"><div class=\"gallery-item\"><a href=\"https:\/\/www.milmari.rs\/resort\/wp-content\/uploads\/2022\/02\/62263017_463528017740465_1428462202314031104_n.jpg\" data-fancybox-group=\"gdlr-gal-2\" data-rel=\"fancybox\" ><img src=\"https:\/\/www.milmari.rs\/resort\/wp-content\/uploads\/2022\/02\/62263017_463528017740465_1428462202314031104_n-150x150.jpg\" alt=\"\" width=\"150\" height=\"150\" \/><\/a><\/div><\/div><div class=\"gallery-column one-seventh column\"><div class=\"gallery-item\"><a href=\"https:\/\/www.milmari.rs\/resort\/wp-content\/uploads\/2022\/02\/238273018.jpg\" data-fancybox-group=\"gdlr-gal-2\" data-rel=\"fancybox\" ><img src=\"https:\/\/www.milmari.rs\/resort\/wp-content\/uploads\/2022\/02\/238273018-150x150.jpg\" alt=\"\" width=\"150\" height=\"150\" \/><\/a><\/div><\/div><div class=\"gallery-column one-seventh column\"><div class=\"gallery-item\"><a href=\"https:\/\/www.milmari.rs\/resort\/wp-content\/uploads\/2022\/02\/238273026.jpg\" data-fancybox-group=\"gdlr-gal-2\" data-rel=\"fancybox\" ><img src=\"https:\/\/www.milmari.rs\/resort\/wp-content\/uploads\/2022\/02\/238273026-150x150.jpg\" alt=\"\" width=\"150\" height=\"150\" \/><\/a><\/div><\/div><div class=\"gallery-column one-seventh column\"><div class=\"gallery-item\"><a href=\"https:\/\/www.milmari.rs\/resort\/wp-content\/uploads\/2022\/02\/viber_image_2022-01-20_17-05-59-902.jpg\" data-fancybox-group=\"gdlr-gal-2\" data-rel=\"fancybox\" ><img src=\"https:\/\/www.milmari.rs\/resort\/wp-content\/uploads\/2022\/02\/viber_image_2022-01-20_17-05-59-902-150x150.jpg\" alt=\"\" width=\"150\" height=\"150\" \/><\/a><\/div><\/div><div class=\"gallery-column one-seventh column\"><div class=\"gallery-item\"><a href=\"https:\/\/www.milmari.rs\/resort\/wp-content\/uploads\/2022\/02\/viber_image_2022-01-30_18-19-41-886.jpg\" data-fancybox-group=\"gdlr-gal-2\" data-rel=\"fancybox\" ><img src=\"https:\/\/www.milmari.rs\/resort\/wp-content\/uploads\/2022\/02\/viber_image_2022-01-30_18-19-41-886-150x150.jpg\" alt=\"\" width=\"150\" height=\"150\" \/><\/a><\/div><\/div><div class=\"clear\"><\/div><div class=\"gallery-column one-seventh column\"><div class=\"gallery-item\"><a href=\"https:\/\/www.milmari.rs\/resort\/wp-content\/uploads\/2022\/02\/viber_image_2022-01-30_18-19-44-654.jpg\" data-fancybox-group=\"gdlr-gal-2\" data-rel=\"fancybox\" ><img src=\"https:\/\/www.milmari.rs\/resort\/wp-content\/uploads\/2022\/02\/viber_image_2022-01-30_18-19-44-654-150x150.jpg\" alt=\"\" width=\"150\" height=\"150\" \/><\/a><\/div><\/div><div class=\"gallery-column one-seventh column\"><div class=\"gallery-item\"><a href=\"https:\/\/www.milmari.rs\/resort\/wp-content\/uploads\/2022\/02\/viber_image_2022-01-30_18-19-46-045.jpg\" data-fancybox-group=\"gdlr-gal-2\" data-rel=\"fancybox\" ><img src=\"https:\/\/www.milmari.rs\/resort\/wp-content\/uploads\/2022\/02\/viber_image_2022-01-30_18-19-46-045-150x150.jpg\" alt=\"\" width=\"150\" height=\"150\" \/><\/a><\/div><\/div><div class=\"gallery-column one-seventh column\"><div class=\"gallery-item\"><a href=\"https:\/\/www.milmari.rs\/resort\/wp-content\/uploads\/2022\/02\/viber_image_2022-01-30_18-20-02-624.jpg\" data-fancybox-group=\"gdlr-gal-2\" data-rel=\"fancybox\" ><img src=\"https:\/\/www.milmari.rs\/resort\/wp-content\/uploads\/2022\/02\/viber_image_2022-01-30_18-20-02-624-150x150.jpg\" alt=\"\" width=\"150\" height=\"150\" \/><\/a><\/div><\/div><div class=\"gallery-column one-seventh column\"><div class=\"gallery-item\"><a href=\"https:\/\/www.milmari.rs\/resort\/wp-content\/uploads\/2022\/02\/viber_image_2022-01-30_18-20-03-243.jpg\" data-fancybox-group=\"gdlr-gal-2\" data-rel=\"fancybox\" ><img src=\"https:\/\/www.milmari.rs\/resort\/wp-content\/uploads\/2022\/02\/viber_image_2022-01-30_18-20-03-243-150x150.jpg\" alt=\"\" width=\"150\" height=\"150\" \/><\/a><\/div><\/div><div class=\"gallery-column one-seventh column\"><div class=\"gallery-item\"><a href=\"https:\/\/www.milmari.rs\/resort\/wp-content\/uploads\/2022\/02\/viber_image_2022-01-30_18-20-06-570.jpg\" data-fancybox-group=\"gdlr-gal-2\" data-rel=\"fancybox\" ><img src=\"https:\/\/www.milmari.rs\/resort\/wp-content\/uploads\/2022\/02\/viber_image_2022-01-30_18-20-06-570-150x150.jpg\" alt=\"\" width=\"150\" height=\"150\" \/><\/a><\/div><\/div><div class=\"gallery-column one-seventh column\"><div class=\"gallery-item\"><a href=\"https:\/\/www.milmari.rs\/resort\/wp-content\/uploads\/2022\/02\/20170829_080902.jpg\" data-fancybox-group=\"gdlr-gal-2\" data-rel=\"fancybox\" ><img src=\"https:\/\/www.milmari.rs\/resort\/wp-content\/uploads\/2022\/02\/20170829_080902-150x150.jpg\" alt=\"\" width=\"150\" height=\"150\" \/><\/a><\/div><\/div><div class=\"gallery-column one-seventh column\"><div class=\"gallery-item\"><a href=\"https:\/\/www.milmari.rs\/resort\/wp-content\/uploads\/2022\/02\/20170906_203949.jpg\" data-fancybox-group=\"gdlr-gal-2\" data-rel=\"fancybox\" ><img src=\"https:\/\/www.milmari.rs\/resort\/wp-content\/uploads\/2022\/02\/20170906_203949-150x150.jpg\" alt=\"\" width=\"150\" height=\"150\" \/><\/a><\/div><\/div><div class=\"clear\"><\/div><\/div><\/div>\n","protected":false},"excerpt":{"rendered":"<p>Milmari Kopaonik se trudi da obraduje Va\u0161a nepca raznim ukusima kako doma\u0107e tako i internacionalne kuhinje. A \u2018la carte restoran Raspola\u017ee sa 60 sede\u0107ih mesta u prostoru koji je uredjen tako da sva \u010dula na\u0161eg gosta budu aktivirana. U veoma prijatnom ambijentu sa fascinantnim pogledom na padine Kopaonika i prijatnim zvukom proticanja vode koji proizvode&#8230; <\/p>\n<div class=\"clear\"><\/div>\n<p><a href=\"https:\/\/www.milmari.rs\/resort\/restoran-nacionalne-kuhinje\/\" class=\"excerpt-read-more\">Continue Reading<i class=\"fa fa-long-arrow-right icon-long-arrow-right\"><\/i><\/a><\/p>\n","protected":false},"author":1,"featured_media":0,"parent":0,"menu_order":0,"comment_status":"closed","ping_status":"closed","template":"","meta":{"_mi_skip_tracking":false,"_wp_rev_ctl_limit":""},"yoast_head":"<!-- This site is optimized with the Yoast SEO plugin v15.9.1 - https:\/\/yoast.com\/wordpress\/plugins\/seo\/ -->\n<title>Restoran nacionalne kuhinje - Milmari Kopaonik<\/title>\n<meta name=\"robots\" content=\"index, follow, max-snippet:-1, max-image-preview:large, max-video-preview:-1\" \/>\n<link rel=\"canonical\" href=\"https:\/\/www.milmari.rs\/resort\/restoran-nacionalne-kuhinje\/\" \/>\n<meta property=\"og:locale\" content=\"sr_RS\" \/>\n<meta property=\"og:type\" content=\"article\" \/>\n<meta property=\"og:title\" content=\"Restoran nacionalne kuhinje - Milmari Kopaonik\" \/>\n<meta property=\"og:description\" content=\"Milmari Kopaonik se trudi da obraduje Va\u0161a nepca raznim ukusima kako doma\u0107e tako i internacionalne kuhinje. A \u2018la carte restoran Raspola\u017ee sa 60 sede\u0107ih mesta u prostoru koji je uredjen tako da sva \u010dula na\u0161eg gosta budu aktivirana. U veoma prijatnom ambijentu sa fascinantnim pogledom na padine Kopaonika i prijatnim zvukom proticanja vode koji proizvode... Continue Reading\" \/>\n<meta property=\"og:url\" content=\"https:\/\/www.milmari.rs\/resort\/restoran-nacionalne-kuhinje\/\" \/>\n<meta property=\"og:site_name\" content=\"Milmari Kopaonik\" \/>\n<meta property=\"article:publisher\" content=\"https:\/\/www.facebook.com\/MilmariResorts\" \/>\n<meta property=\"article:modified_time\" content=\"2024-01-09T15:47:58+00:00\" \/>\n<meta property=\"og:image\" content=\"https:\/\/www.milmari.rs\/resort\/wp-content\/uploads\/2020\/11\/GO2A1199-150x150.jpg\" \/>\n<meta name=\"twitter:card\" content=\"summary\" \/>\n<meta name=\"twitter:label1\" content=\"Est. reading time\">\n\t<meta name=\"twitter:data1\" content=\"1 minut\">\n<script type=\"application\/ld+json\" class=\"yoast-schema-graph\">{\"@context\":\"https:\/\/schema.org\",\"@graph\":[{\"@type\":\"WebSite\",\"@id\":\"https:\/\/www.milmari.rs\/resort\/#website\",\"url\":\"https:\/\/www.milmari.rs\/resort\/\",\"name\":\"Milmari Kopaonik\",\"description\":\"Hotel sa pogledom iz snova\",\"potentialAction\":[{\"@type\":\"SearchAction\",\"target\":\"https:\/\/www.milmari.rs\/resort\/?s={search_term_string}\",\"query-input\":\"required name=search_term_string\"}],\"inLanguage\":\"sr-RS\"},{\"@type\":\"ImageObject\",\"@id\":\"https:\/\/www.milmari.rs\/resort\/restoran-nacionalne-kuhinje\/#primaryimage\",\"inLanguage\":\"sr-RS\",\"url\":\"http:\/\/milmari.rs\/resort\/wp-content\/uploads\/2016\/12\/restoran.jpg\"},{\"@type\":\"WebPage\",\"@id\":\"https:\/\/www.milmari.rs\/resort\/restoran-nacionalne-kuhinje\/#webpage\",\"url\":\"https:\/\/www.milmari.rs\/resort\/restoran-nacionalne-kuhinje\/\",\"name\":\"Restoran nacionalne kuhinje - Milmari Kopaonik\",\"isPartOf\":{\"@id\":\"https:\/\/www.milmari.rs\/resort\/#website\"},\"primaryImageOfPage\":{\"@id\":\"https:\/\/www.milmari.rs\/resort\/restoran-nacionalne-kuhinje\/#primaryimage\"},\"datePublished\":\"2016-12-26T17:46:29+00:00\",\"dateModified\":\"2024-01-09T15:47:58+00:00\",\"breadcrumb\":{\"@id\":\"https:\/\/www.milmari.rs\/resort\/restoran-nacionalne-kuhinje\/#breadcrumb\"},\"inLanguage\":\"sr-RS\",\"potentialAction\":[{\"@type\":\"ReadAction\",\"target\":[\"https:\/\/www.milmari.rs\/resort\/restoran-nacionalne-kuhinje\/\"]}]},{\"@type\":\"BreadcrumbList\",\"@id\":\"https:\/\/www.milmari.rs\/resort\/restoran-nacionalne-kuhinje\/#breadcrumb\",\"itemListElement\":[{\"@type\":\"ListItem\",\"position\":1,\"item\":{\"@type\":\"WebPage\",\"@id\":\"https:\/\/www.milmari.rs\/resort\/\",\"url\":\"https:\/\/www.milmari.rs\/resort\/\",\"name\":\"Po\\u010detna\"}},{\"@type\":\"ListItem\",\"position\":2,\"item\":{\"@type\":\"WebPage\",\"@id\":\"https:\/\/www.milmari.rs\/resort\/restoran-nacionalne-kuhinje\/\",\"url\":\"https:\/\/www.milmari.rs\/resort\/restoran-nacionalne-kuhinje\/\",\"name\":\"Restoran nacionalne kuhinje\"}}]}]}<\/script>\n<!-- \/ Yoast SEO plugin. -->","_links":{"self":[{"href":"https:\/\/www.milmari.rs\/resort\/wp-json\/wp\/v2\/pages\/4538"}],"collection":[{"href":"https:\/\/www.milmari.rs\/resort\/wp-json\/wp\/v2\/pages"}],"about":[{"href":"https:\/\/www.milmari.rs\/resort\/wp-json\/wp\/v2\/types\/page"}],"author":[{"embeddable":true,"href":"https:\/\/www.milmari.rs\/resort\/wp-json\/wp\/v2\/users\/1"}],"replies":[{"embeddable":true,"href":"https:\/\/www.milmari.rs\/resort\/wp-json\/wp\/v2\/comments?post=4538"}],"version-history":[{"count":0,"href":"https:\/\/www.milmari.rs\/resort\/wp-json\/wp\/v2\/pages\/4538\/revisions"}],"wp:attachment":[{"href":"https:\/\/www.milmari.rs\/resort\/wp-json\/wp\/v2\/media?parent=4538"}],"curies":[{"name":"wp","href":"https:\/\/api.w.org\/{rel}","templated":true}]}}