{"id":4552,"date":"2016-12-26T19:19:23","date_gmt":"2016-12-26T18:19:23","guid":{"rendered":"http:\/\/milmari.rs\/resort\/?page_id=4552"},"modified":"2016-12-26T19:19:23","modified_gmt":"2016-12-26T18:19:23","slug":"izvod-iz-kucnog-reda","status":"publish","type":"page","link":"https:\/\/www.milmari.rs\/resort\/izvod-iz-kucnog-reda\/","title":{"rendered":"Izvod iz ku\u0107nog reda"},"content":{"rendered":"<p>1. Prilikom preuzimanja apartmana\/studia\/sobe molimo Vas prekontroli\u0161ite ispravnost svih aparata i proverite inventar prema inventarskom listu.<\/p>\n<p>2. Prilikom preuzimanja apartmana\/studia\/sobe ulazite u generalno oci\u0161\u0107en studio \/apartman \/sobu. Va\u0161i kreveti su name\u0161teni. Kupatilo je oprano dezinfekcionim sredstvom.<\/p>\n<p>3. Tokom Va\u0161eg boravka higijenu odr\u017eavaju sobarice (uklju\u010duju\u0107i i izno\u0161enje sme\u0107a). Posteljina se menja na svakih 5 dana boravka.<\/p>\n<p>4. Kada izlazite iz studia\/apartmana, Vas klju\u010d mozete ostaviti na recepciji ili ga poneti sa sobom.<\/p>\n<p>5. Svako neprijavljeno lice koje je zate\u010deno u apartmanu\/studiu\/sobi podrazumeva prijavu nadle\u017enom organu. Kori\u0161\u0107enje apartmana\/studia\/sobe je dozvoljeno samo gostima evidentiranim u rooming listi ili voucher-u.<\/p>\n<p>6. Dragocenosti i novac nosite sa sobom, ili ih deponujte u sef na recepciji. Milmari ne preuzima nikakvu odgovornost za stvari odnosno vrednosti koje nisu predate na \u010duvanje recepciji uz potvrdu.<\/p>\n<p>7. Zabranjen je boravak \u017eivotinja u apartmanu, sobi, studiu.<\/p>\n<p>8. Zabranjeno je unositi lako zapaljive i eksplozivne predmete, kao i materijal i stvari sa jakim i neprijatnim mirisom. Pranje rublja, su\u0161enje i peglanje u sobi nije dozvoljeno.<\/p>\n<p>9. Gost je obavezan da nadoknadi \u0161tetu ako je prouzrokuje na stvarima, instalacijama, aparatima ili name\u0161taju.<\/p>\n<p>10. Gosti su du\u017eni da po\u0161tuju no\u0107ni odmor od 22:00h do 7:00h i dnevni odmor od 15:00h do 18:00h<\/p>\n<p>* Usluge sme\u0161taja pla\u0107aju se unapred ili po izvr\u0161enoj usluzi.<\/p>\n<p>* Sme\u0161taj se zara\u010dunava za puni dan, ra\u010dunajuci od 12:00h jednog dana do 10:00h drugog dana. Zadr\u017eavanje sobe posle 10:00h povla\u010di pla\u0107anje iste jo\u0161 za jedan dan.<\/p>\n<p>* Odlazak odnosno otkaz sobe, mora se prijaviti na recepciji najkasnije do 09:00h.<\/p>\n<p>Direktor<br \/>\nBojan Premovi\u0107<\/p>\n","protected":false},"excerpt":{"rendered":"<p>1. Prilikom preuzimanja apartmana\/studia\/sobe molimo Vas prekontroli\u0161ite ispravnost svih aparata i proverite inventar prema inventarskom listu. 2. Prilikom preuzimanja apartmana\/studia\/sobe ulazite u generalno oci\u0161\u0107en studio \/apartman \/sobu. Va\u0161i kreveti su name\u0161teni. Kupatilo je oprano dezinfekcionim sredstvom. 3. Tokom Va\u0161eg boravka higijenu odr\u017eavaju sobarice (uklju\u010duju\u0107i i izno\u0161enje sme\u0107a). Posteljina se menja na svakih 5 dana boravka&#8230;. <\/p>\n<div class=\"clear\"><\/div>\n<p><a href=\"https:\/\/www.milmari.rs\/resort\/izvod-iz-kucnog-reda\/\" class=\"excerpt-read-more\">Continue Reading<i class=\"fa fa-long-arrow-right icon-long-arrow-right\"><\/i><\/a><\/p>\n","protected":false},"author":1,"featured_media":0,"parent":0,"menu_order":0,"comment_status":"closed","ping_status":"open","template":"","meta":{"_mi_skip_tracking":false,"_wp_rev_ctl_limit":""},"yoast_head":"<!-- This site is optimized with the Yoast SEO plugin v15.9.1 - https:\/\/yoast.com\/wordpress\/plugins\/seo\/ -->\n<title>Izvod iz ku\u0107nog reda - Milmari Kopaonik<\/title>\n<meta name=\"robots\" content=\"index, follow, max-snippet:-1, max-image-preview:large, max-video-preview:-1\" \/>\n<link rel=\"canonical\" href=\"http:\/\/www.milmari.rs\/resort\/izvod-iz-kucnog-reda\/\" \/>\n<meta property=\"og:locale\" content=\"sr_RS\" \/>\n<meta property=\"og:type\" content=\"article\" \/>\n<meta property=\"og:title\" content=\"Izvod iz ku\u0107nog reda - Milmari Kopaonik\" \/>\n<meta property=\"og:description\" content=\"1. Prilikom preuzimanja apartmana\/studia\/sobe molimo Vas prekontroli\u0161ite ispravnost svih aparata i proverite inventar prema inventarskom listu. 2. Prilikom preuzimanja apartmana\/studia\/sobe ulazite u generalno oci\u0161\u0107en studio \/apartman \/sobu. Va\u0161i kreveti su name\u0161teni. Kupatilo je oprano dezinfekcionim sredstvom. 3. Tokom Va\u0161eg boravka higijenu odr\u017eavaju sobarice (uklju\u010duju\u0107i i izno\u0161enje sme\u0107a). Posteljina se menja na svakih 5 dana boravka.... Continue Reading\" \/>\n<meta property=\"og:url\" content=\"http:\/\/www.milmari.rs\/resort\/izvod-iz-kucnog-reda\/\" \/>\n<meta property=\"og:site_name\" content=\"Milmari Kopaonik\" \/>\n<meta property=\"article:publisher\" content=\"https:\/\/www.facebook.com\/MilmariResorts\" \/>\n<meta name=\"twitter:card\" content=\"summary\" \/>\n<meta name=\"twitter:label1\" content=\"Est. reading time\">\n\t<meta name=\"twitter:data1\" content=\"1 minut\">\n<script type=\"application\/ld+json\" class=\"yoast-schema-graph\">{\"@context\":\"https:\/\/schema.org\",\"@graph\":[{\"@type\":\"WebSite\",\"@id\":\"https:\/\/www.milmari.rs\/resort\/#website\",\"url\":\"https:\/\/www.milmari.rs\/resort\/\",\"name\":\"Milmari Kopaonik\",\"description\":\"Hotel sa pogledom iz snova\",\"potentialAction\":[{\"@type\":\"SearchAction\",\"target\":\"https:\/\/www.milmari.rs\/resort\/?s={search_term_string}\",\"query-input\":\"required name=search_term_string\"}],\"inLanguage\":\"sr-RS\"},{\"@type\":\"WebPage\",\"@id\":\"http:\/\/www.milmari.rs\/resort\/izvod-iz-kucnog-reda\/#webpage\",\"url\":\"http:\/\/www.milmari.rs\/resort\/izvod-iz-kucnog-reda\/\",\"name\":\"Izvod iz ku\\u0107nog reda - Milmari Kopaonik\",\"isPartOf\":{\"@id\":\"https:\/\/www.milmari.rs\/resort\/#website\"},\"datePublished\":\"2016-12-26T18:19:23+00:00\",\"dateModified\":\"2016-12-26T18:19:23+00:00\",\"breadcrumb\":{\"@id\":\"http:\/\/www.milmari.rs\/resort\/izvod-iz-kucnog-reda\/#breadcrumb\"},\"inLanguage\":\"sr-RS\",\"potentialAction\":[{\"@type\":\"ReadAction\",\"target\":[\"http:\/\/www.milmari.rs\/resort\/izvod-iz-kucnog-reda\/\"]}]},{\"@type\":\"BreadcrumbList\",\"@id\":\"http:\/\/www.milmari.rs\/resort\/izvod-iz-kucnog-reda\/#breadcrumb\",\"itemListElement\":[{\"@type\":\"ListItem\",\"position\":1,\"item\":{\"@type\":\"WebPage\",\"@id\":\"https:\/\/www.milmari.rs\/resort\/\",\"url\":\"https:\/\/www.milmari.rs\/resort\/\",\"name\":\"Po\\u010detna\"}},{\"@type\":\"ListItem\",\"position\":2,\"item\":{\"@type\":\"WebPage\",\"@id\":\"http:\/\/www.milmari.rs\/resort\/izvod-iz-kucnog-reda\/\",\"url\":\"http:\/\/www.milmari.rs\/resort\/izvod-iz-kucnog-reda\/\",\"name\":\"Izvod iz ku\\u0107nog reda\"}}]}]}<\/script>\n<!-- \/ Yoast SEO plugin. -->","_links":{"self":[{"href":"https:\/\/www.milmari.rs\/resort\/wp-json\/wp\/v2\/pages\/4552"}],"collection":[{"href":"https:\/\/www.milmari.rs\/resort\/wp-json\/wp\/v2\/pages"}],"about":[{"href":"https:\/\/www.milmari.rs\/resort\/wp-json\/wp\/v2\/types\/page"}],"author":[{"embeddable":true,"href":"https:\/\/www.milmari.rs\/resort\/wp-json\/wp\/v2\/users\/1"}],"replies":[{"embeddable":true,"href":"https:\/\/www.milmari.rs\/resort\/wp-json\/wp\/v2\/comments?post=4552"}],"version-history":[{"count":0,"href":"https:\/\/www.milmari.rs\/resort\/wp-json\/wp\/v2\/pages\/4552\/revisions"}],"wp:attachment":[{"href":"https:\/\/www.milmari.rs\/resort\/wp-json\/wp\/v2\/media?parent=4552"}],"curies":[{"name":"wp","href":"https:\/\/api.w.org\/{rel}","templated":true}]}}