{"id":4554,"date":"2016-12-26T19:26:02","date_gmt":"2016-12-26T18:26:02","guid":{"rendered":"http:\/\/milmari.rs\/resort\/?page_id=4554"},"modified":"2024-01-09T15:52:37","modified_gmt":"2024-01-09T14:52:37","slug":"o-nama","status":"publish","type":"page","link":"https:\/\/www.milmari.rs\/resort\/o-nama\/","title":{"rendered":"O Nama"},"content":{"rendered":"<p>&nbsp;<\/p>\n<p><img loading=\"lazy\" class=\"alignnone size-full wp-image-4561\" src=\"http:\/\/milmari.rs\/resort\/wp-content\/uploads\/2016\/12\/Milmari_Resort_30-1.jpg\" alt=\"\" width=\"1050\" height=\"545\" srcset=\"https:\/\/www.milmari.rs\/resort\/wp-content\/uploads\/2016\/12\/Milmari_Resort_30-1.jpg 1050w, https:\/\/www.milmari.rs\/resort\/wp-content\/uploads\/2016\/12\/Milmari_Resort_30-1-300x156.jpg 300w, https:\/\/www.milmari.rs\/resort\/wp-content\/uploads\/2016\/12\/Milmari_Resort_30-1-768x399.jpg 768w, https:\/\/www.milmari.rs\/resort\/wp-content\/uploads\/2016\/12\/Milmari_Resort_30-1-1024x532.jpg 1024w\" sizes=\"(max-width: 1050px) 100vw, 1050px\" \/><\/p>\n<p><strong>Milmari<\/strong>\u00a0je potpuno nov hotelsko-turisti\u010dki kompleks na obroncima Kopaonika, lociran u Vikend naselju, na regionalnom putu Kopaonik-Ra\u0161ka.<\/p>\n<p>Ovaj luksuzno ure\u0111en komplex trenutno je kategorisan sa 3*, a ono \u010dime Milmari pleni jesu moderno i funkcionalno opremljene sme\u0161tajne jedinice sa posebnim naglaskom na tople tonove boja koji su prisutni u enterijeru \u0161to gostu pru\u017ea do\u017eivljaj porodi\u010dne atmosfere.<\/p>\n<p>Pored izuzetno udobnih soba, na\u0161im gostima su na raspolaganju svi sadr\u017eaji Wellness centra. Stru\u010dno i uvek ljubazno osoblje \u0107e se potruditi da kroz korisne savete o upotrebi sadr\u017eaja wellness-a, razli\u010dite vrste masa\u017ea, u\u010dini Va\u0161 boravak nezaboravnim iskustvom.<\/p>\n<p>A nakon relaksacije uvek ste dobro\u0161li u jedan od na\u0161ih restorana gde \u0107ete imati prilike da u\u017eivate u specijalitetima kako doma\u0107e tako i internacionalne kuhinje..<\/p>\n<p><strong>Milmari <\/strong>misli i o svojim najdra\u017eim gostima. U okviru kompleksa postoji i igraonica za decu sa svim potrebnim rekvizitima u kojima \u0107e deca uzivati..<\/p>\n<p><em>O\u010dekujemo Vas!<\/em><\/p>\n","protected":false},"excerpt":{"rendered":"<p>&nbsp; Milmari\u00a0je potpuno nov hotelsko-turisti\u010dki kompleks na obroncima Kopaonika, lociran u Vikend naselju, na regionalnom putu Kopaonik-Ra\u0161ka. Ovaj luksuzno ure\u0111en komplex trenutno je kategorisan sa 3*, a ono \u010dime Milmari pleni jesu moderno i funkcionalno opremljene sme\u0161tajne jedinice sa posebnim naglaskom na tople tonove boja koji su prisutni u enterijeru \u0161to gostu pru\u017ea do\u017eivljaj porodi\u010dne&#8230; <\/p>\n<div class=\"clear\"><\/div>\n<p><a href=\"https:\/\/www.milmari.rs\/resort\/o-nama\/\" class=\"excerpt-read-more\">Continue Reading<i class=\"fa fa-long-arrow-right icon-long-arrow-right\"><\/i><\/a><\/p>\n","protected":false},"author":1,"featured_media":0,"parent":0,"menu_order":0,"comment_status":"closed","ping_status":"closed","template":"","meta":{"_mi_skip_tracking":false,"_wp_rev_ctl_limit":""},"yoast_head":"<!-- This site is optimized with the Yoast SEO plugin v15.9.1 - https:\/\/yoast.com\/wordpress\/plugins\/seo\/ -->\n<title>O Nama - Milmari Kopaonik<\/title>\n<meta name=\"robots\" content=\"index, follow, max-snippet:-1, max-image-preview:large, max-video-preview:-1\" \/>\n<link rel=\"canonical\" href=\"https:\/\/www.milmari.rs\/resort\/o-nama\/\" \/>\n<meta property=\"og:locale\" content=\"sr_RS\" \/>\n<meta property=\"og:type\" content=\"article\" \/>\n<meta property=\"og:title\" content=\"O Nama - Milmari Kopaonik\" \/>\n<meta property=\"og:description\" content=\"&nbsp; Milmari\u00a0je potpuno nov hotelsko-turisti\u010dki kompleks na obroncima Kopaonika, lociran u Vikend naselju, na regionalnom putu Kopaonik-Ra\u0161ka. Ovaj luksuzno ure\u0111en komplex trenutno je kategorisan sa 3*, a ono \u010dime Milmari pleni jesu moderno i funkcionalno opremljene sme\u0161tajne jedinice sa posebnim naglaskom na tople tonove boja koji su prisutni u enterijeru \u0161to gostu pru\u017ea do\u017eivljaj porodi\u010dne... Continue Reading\" \/>\n<meta property=\"og:url\" content=\"https:\/\/www.milmari.rs\/resort\/o-nama\/\" \/>\n<meta property=\"og:site_name\" content=\"Milmari Kopaonik\" \/>\n<meta property=\"article:publisher\" content=\"https:\/\/www.facebook.com\/MilmariResorts\" \/>\n<meta property=\"article:modified_time\" content=\"2024-01-09T14:52:37+00:00\" \/>\n<meta property=\"og:image\" content=\"http:\/\/milmari.rs\/resort\/wp-content\/uploads\/2016\/12\/Milmari_Resort_30-1.jpg\" \/>\n<meta name=\"twitter:card\" content=\"summary\" \/>\n<meta name=\"twitter:label1\" content=\"Est. reading time\">\n\t<meta name=\"twitter:data1\" content=\"1 minut\">\n<script type=\"application\/ld+json\" class=\"yoast-schema-graph\">{\"@context\":\"https:\/\/schema.org\",\"@graph\":[{\"@type\":\"WebSite\",\"@id\":\"https:\/\/www.milmari.rs\/resort\/#website\",\"url\":\"https:\/\/www.milmari.rs\/resort\/\",\"name\":\"Milmari Kopaonik\",\"description\":\"Hotel sa pogledom iz snova\",\"potentialAction\":[{\"@type\":\"SearchAction\",\"target\":\"https:\/\/www.milmari.rs\/resort\/?s={search_term_string}\",\"query-input\":\"required name=search_term_string\"}],\"inLanguage\":\"sr-RS\"},{\"@type\":\"ImageObject\",\"@id\":\"https:\/\/www.milmari.rs\/resort\/o-nama\/#primaryimage\",\"inLanguage\":\"sr-RS\",\"url\":\"http:\/\/milmari.rs\/resort\/wp-content\/uploads\/2016\/12\/Milmari_Resort_30-1.jpg\"},{\"@type\":\"WebPage\",\"@id\":\"https:\/\/www.milmari.rs\/resort\/o-nama\/#webpage\",\"url\":\"https:\/\/www.milmari.rs\/resort\/o-nama\/\",\"name\":\"O Nama - Milmari Kopaonik\",\"isPartOf\":{\"@id\":\"https:\/\/www.milmari.rs\/resort\/#website\"},\"primaryImageOfPage\":{\"@id\":\"https:\/\/www.milmari.rs\/resort\/o-nama\/#primaryimage\"},\"datePublished\":\"2016-12-26T18:26:02+00:00\",\"dateModified\":\"2024-01-09T14:52:37+00:00\",\"breadcrumb\":{\"@id\":\"https:\/\/www.milmari.rs\/resort\/o-nama\/#breadcrumb\"},\"inLanguage\":\"sr-RS\",\"potentialAction\":[{\"@type\":\"ReadAction\",\"target\":[\"https:\/\/www.milmari.rs\/resort\/o-nama\/\"]}]},{\"@type\":\"BreadcrumbList\",\"@id\":\"https:\/\/www.milmari.rs\/resort\/o-nama\/#breadcrumb\",\"itemListElement\":[{\"@type\":\"ListItem\",\"position\":1,\"item\":{\"@type\":\"WebPage\",\"@id\":\"https:\/\/www.milmari.rs\/resort\/\",\"url\":\"https:\/\/www.milmari.rs\/resort\/\",\"name\":\"Po\\u010detna\"}},{\"@type\":\"ListItem\",\"position\":2,\"item\":{\"@type\":\"WebPage\",\"@id\":\"https:\/\/www.milmari.rs\/resort\/o-nama\/\",\"url\":\"https:\/\/www.milmari.rs\/resort\/o-nama\/\",\"name\":\"O Nama\"}}]}]}<\/script>\n<!-- \/ Yoast SEO plugin. -->","_links":{"self":[{"href":"https:\/\/www.milmari.rs\/resort\/wp-json\/wp\/v2\/pages\/4554"}],"collection":[{"href":"https:\/\/www.milmari.rs\/resort\/wp-json\/wp\/v2\/pages"}],"about":[{"href":"https:\/\/www.milmari.rs\/resort\/wp-json\/wp\/v2\/types\/page"}],"author":[{"embeddable":true,"href":"https:\/\/www.milmari.rs\/resort\/wp-json\/wp\/v2\/users\/1"}],"replies":[{"embeddable":true,"href":"https:\/\/www.milmari.rs\/resort\/wp-json\/wp\/v2\/comments?post=4554"}],"version-history":[{"count":0,"href":"https:\/\/www.milmari.rs\/resort\/wp-json\/wp\/v2\/pages\/4554\/revisions"}],"wp:attachment":[{"href":"https:\/\/www.milmari.rs\/resort\/wp-json\/wp\/v2\/media?parent=4554"}],"curies":[{"name":"wp","href":"https:\/\/api.w.org\/{rel}","templated":true}]}}