{"id":4572,"date":"2016-12-26T19:49:23","date_gmt":"2016-12-26T18:49:23","guid":{"rendered":"http:\/\/milmari.rs\/resort\/?page_id=4572"},"modified":"2024-01-09T16:49:24","modified_gmt":"2024-01-09T15:49:24","slug":"kongresni-centar","status":"publish","type":"page","link":"https:\/\/www.milmari.rs\/resort\/kongresni-centar\/","title":{"rendered":"Kongresni centar"},"content":{"rendered":"<p><img loading=\"lazy\" class=\"alignnone size-full wp-image-4627\" src=\"http:\/\/www.milmari.rs\/resort\/wp-content\/uploads\/2016\/12\/milmari_resort_kopaonik_kongresna_sala_1.jpg\" alt=\"milmari resort kopaonik kongresni centar\" width=\"1280\" height=\"273\" srcset=\"https:\/\/www.milmari.rs\/resort\/wp-content\/uploads\/2016\/12\/milmari_resort_kopaonik_kongresna_sala_1.jpg 1280w, https:\/\/www.milmari.rs\/resort\/wp-content\/uploads\/2016\/12\/milmari_resort_kopaonik_kongresna_sala_1-300x64.jpg 300w, https:\/\/www.milmari.rs\/resort\/wp-content\/uploads\/2016\/12\/milmari_resort_kopaonik_kongresna_sala_1-768x164.jpg 768w, https:\/\/www.milmari.rs\/resort\/wp-content\/uploads\/2016\/12\/milmari_resort_kopaonik_kongresna_sala_1-1024x218.jpg 1024w\" sizes=\"(max-width: 1280px) 100vw, 1280px\" \/><\/p>\n<p>Posebna pogodnost za poslovne ljude je <strong>Kongresni centar Milmari Kopaonik <\/strong>koji se sastoji od nekoliko kongresnih sala. Kongresna sala raspola\u017ee kapacitetom od 20 do 150 mesta i opremljena je savremenim audio-vizuelnim ure\u0111ajima (Projektor, Flipchart, Projektno platno, Mikrofon, Laptop, Oprema za prevo\u0111enje, Video kamera, Audio-vizuelna oprema &#8230;<\/p>\n<p>Sala pruza mogu\u0107nost organizovanja u vi\u0161e oblika, pa samim tim pru\u017ea se mogu\u0107nost da na visoko profesionalan na\u010din organizuje sve vrste skupova poput konferencija, seminara, sastanaka, promocija radionica i drugih poslovnih doga\u0111aja.<\/p>\n<p><strong>Sala \u0107e u potpunosti zadovoljiti svojom opremljeno\u0161\u0107u i uslugom sve potrebe u okviru kongresnog turizma.<\/strong><\/p>\n<div class=\"gdlr-shortcode-wrapper\"><div class=\"gdlr-gallery-item gdlr-item\" ><div class=\"gallery-column three columns\"><div class=\"gallery-item\"><a href=\"https:\/\/www.milmari.rs\/resort\/wp-content\/uploads\/2020\/11\/GO2A0877.jpg\" data-fancybox-group=\"gdlr-gal-1\" data-rel=\"fancybox\" ><img src=\"https:\/\/www.milmari.rs\/resort\/wp-content\/uploads\/2020\/11\/GO2A0877-150x150.jpg\" alt=\"kongresni centar\" width=\"150\" height=\"150\" \/><\/a><\/div><\/div><div class=\"gallery-column three columns\"><div class=\"gallery-item\"><a href=\"https:\/\/www.milmari.rs\/resort\/wp-content\/uploads\/2020\/11\/GO2A0881.jpg\" data-fancybox-group=\"gdlr-gal-1\" data-rel=\"fancybox\" ><img src=\"https:\/\/www.milmari.rs\/resort\/wp-content\/uploads\/2020\/11\/GO2A0881-150x150.jpg\" alt=\"\" width=\"150\" height=\"150\" \/><\/a><\/div><\/div><div class=\"gallery-column three columns\"><div class=\"gallery-item\"><a href=\"https:\/\/www.milmari.rs\/resort\/wp-content\/uploads\/2020\/11\/GO2A0883.jpg\" data-fancybox-group=\"gdlr-gal-1\" data-rel=\"fancybox\" ><img src=\"https:\/\/www.milmari.rs\/resort\/wp-content\/uploads\/2020\/11\/GO2A0883-150x150.jpg\" alt=\"\" width=\"150\" height=\"150\" \/><\/a><\/div><\/div><div class=\"gallery-column three columns\"><div class=\"gallery-item\"><a href=\"https:\/\/www.milmari.rs\/resort\/wp-content\/uploads\/2020\/11\/GO2A0884.jpg\" data-fancybox-group=\"gdlr-gal-1\" data-rel=\"fancybox\" ><img src=\"https:\/\/www.milmari.rs\/resort\/wp-content\/uploads\/2020\/11\/GO2A0884-150x150.jpg\" alt=\"\" width=\"150\" height=\"150\" \/><\/a><\/div><\/div><div class=\"clear\"><\/div><\/div><\/div>\n<p>RAZLI\u010cITE POSTAVKE:<\/p>\n<p><img loading=\"lazy\" class=\"alignnone size-full wp-image-4629\" src=\"http:\/\/www.milmari.rs\/resort\/wp-content\/uploads\/2016\/12\/kongres_sema.jpg\" alt=\"\" width=\"978\" height=\"525\" srcset=\"https:\/\/www.milmari.rs\/resort\/wp-content\/uploads\/2016\/12\/kongres_sema.jpg 978w, https:\/\/www.milmari.rs\/resort\/wp-content\/uploads\/2016\/12\/kongres_sema-300x161.jpg 300w, https:\/\/www.milmari.rs\/resort\/wp-content\/uploads\/2016\/12\/kongres_sema-768x412.jpg 768w\" sizes=\"(max-width: 978px) 100vw, 978px\" \/><\/p>\n","protected":false},"excerpt":{"rendered":"<p>Posebna pogodnost za poslovne ljude je Kongresni centar Milmari Kopaonik koji se sastoji od nekoliko kongresnih sala. Kongresna sala raspola\u017ee kapacitetom od 20 do 150 mesta i opremljena je savremenim audio-vizuelnim ure\u0111ajima (Projektor, Flipchart, Projektno platno, Mikrofon, Laptop, Oprema za prevo\u0111enje, Video kamera, Audio-vizuelna oprema &#8230; Sala pruza mogu\u0107nost organizovanja u vi\u0161e oblika, pa samim&#8230; <\/p>\n<div class=\"clear\"><\/div>\n<p><a href=\"https:\/\/www.milmari.rs\/resort\/kongresni-centar\/\" class=\"excerpt-read-more\">Continue Reading<i class=\"fa fa-long-arrow-right icon-long-arrow-right\"><\/i><\/a><\/p>\n","protected":false},"author":1,"featured_media":0,"parent":0,"menu_order":0,"comment_status":"closed","ping_status":"closed","template":"","meta":{"_mi_skip_tracking":false,"_wp_rev_ctl_limit":""},"yoast_head":"<!-- This site is optimized with the Yoast SEO plugin v15.9.1 - https:\/\/yoast.com\/wordpress\/plugins\/seo\/ -->\n<title>Kongresni centar - Milmari Kopaonik<\/title>\n<meta name=\"robots\" content=\"index, follow, max-snippet:-1, max-image-preview:large, max-video-preview:-1\" \/>\n<link rel=\"canonical\" href=\"https:\/\/www.milmari.rs\/resort\/kongresni-centar\/\" \/>\n<meta property=\"og:locale\" content=\"sr_RS\" \/>\n<meta property=\"og:type\" content=\"article\" \/>\n<meta property=\"og:title\" content=\"Kongresni centar - Milmari Kopaonik\" \/>\n<meta property=\"og:description\" content=\"Posebna pogodnost za poslovne ljude je Kongresni centar Milmari Kopaonik koji se sastoji od nekoliko kongresnih sala. Kongresna sala raspola\u017ee kapacitetom od 20 do 150 mesta i opremljena je savremenim audio-vizuelnim ure\u0111ajima (Projektor, Flipchart, Projektno platno, Mikrofon, Laptop, Oprema za prevo\u0111enje, Video kamera, Audio-vizuelna oprema &#8230; Sala pruza mogu\u0107nost organizovanja u vi\u0161e oblika, pa samim... Continue Reading\" \/>\n<meta property=\"og:url\" content=\"https:\/\/www.milmari.rs\/resort\/kongresni-centar\/\" \/>\n<meta property=\"og:site_name\" content=\"Milmari Kopaonik\" \/>\n<meta property=\"article:publisher\" content=\"https:\/\/www.facebook.com\/MilmariResorts\" \/>\n<meta property=\"article:modified_time\" content=\"2024-01-09T15:49:24+00:00\" \/>\n<meta property=\"og:image\" content=\"https:\/\/www.milmari.rs\/resort\/wp-content\/uploads\/2020\/11\/GO2A0877-150x150.jpg\" \/>\n<meta name=\"twitter:card\" content=\"summary\" \/>\n<meta name=\"twitter:label1\" content=\"Est. reading time\">\n\t<meta name=\"twitter:data1\" content=\"1 minut\">\n<script type=\"application\/ld+json\" class=\"yoast-schema-graph\">{\"@context\":\"https:\/\/schema.org\",\"@graph\":[{\"@type\":\"WebSite\",\"@id\":\"https:\/\/www.milmari.rs\/resort\/#website\",\"url\":\"https:\/\/www.milmari.rs\/resort\/\",\"name\":\"Milmari Kopaonik\",\"description\":\"Hotel sa pogledom iz snova\",\"potentialAction\":[{\"@type\":\"SearchAction\",\"target\":\"https:\/\/www.milmari.rs\/resort\/?s={search_term_string}\",\"query-input\":\"required name=search_term_string\"}],\"inLanguage\":\"sr-RS\"},{\"@type\":\"ImageObject\",\"@id\":\"https:\/\/www.milmari.rs\/resort\/kongresni-centar\/#primaryimage\",\"inLanguage\":\"sr-RS\",\"url\":\"http:\/\/www.milmari.rs\/resort\/wp-content\/uploads\/2016\/12\/milmari_resort_kopaonik_kongresna_sala_1.jpg\"},{\"@type\":\"WebPage\",\"@id\":\"https:\/\/www.milmari.rs\/resort\/kongresni-centar\/#webpage\",\"url\":\"https:\/\/www.milmari.rs\/resort\/kongresni-centar\/\",\"name\":\"Kongresni centar - Milmari Kopaonik\",\"isPartOf\":{\"@id\":\"https:\/\/www.milmari.rs\/resort\/#website\"},\"primaryImageOfPage\":{\"@id\":\"https:\/\/www.milmari.rs\/resort\/kongresni-centar\/#primaryimage\"},\"datePublished\":\"2016-12-26T18:49:23+00:00\",\"dateModified\":\"2024-01-09T15:49:24+00:00\",\"breadcrumb\":{\"@id\":\"https:\/\/www.milmari.rs\/resort\/kongresni-centar\/#breadcrumb\"},\"inLanguage\":\"sr-RS\",\"potentialAction\":[{\"@type\":\"ReadAction\",\"target\":[\"https:\/\/www.milmari.rs\/resort\/kongresni-centar\/\"]}]},{\"@type\":\"BreadcrumbList\",\"@id\":\"https:\/\/www.milmari.rs\/resort\/kongresni-centar\/#breadcrumb\",\"itemListElement\":[{\"@type\":\"ListItem\",\"position\":1,\"item\":{\"@type\":\"WebPage\",\"@id\":\"https:\/\/www.milmari.rs\/resort\/\",\"url\":\"https:\/\/www.milmari.rs\/resort\/\",\"name\":\"Po\\u010detna\"}},{\"@type\":\"ListItem\",\"position\":2,\"item\":{\"@type\":\"WebPage\",\"@id\":\"https:\/\/www.milmari.rs\/resort\/kongresni-centar\/\",\"url\":\"https:\/\/www.milmari.rs\/resort\/kongresni-centar\/\",\"name\":\"Kongresni centar\"}}]}]}<\/script>\n<!-- \/ Yoast SEO plugin. -->","_links":{"self":[{"href":"https:\/\/www.milmari.rs\/resort\/wp-json\/wp\/v2\/pages\/4572"}],"collection":[{"href":"https:\/\/www.milmari.rs\/resort\/wp-json\/wp\/v2\/pages"}],"about":[{"href":"https:\/\/www.milmari.rs\/resort\/wp-json\/wp\/v2\/types\/page"}],"author":[{"embeddable":true,"href":"https:\/\/www.milmari.rs\/resort\/wp-json\/wp\/v2\/users\/1"}],"replies":[{"embeddable":true,"href":"https:\/\/www.milmari.rs\/resort\/wp-json\/wp\/v2\/comments?post=4572"}],"version-history":[{"count":0,"href":"https:\/\/www.milmari.rs\/resort\/wp-json\/wp\/v2\/pages\/4572\/revisions"}],"wp:attachment":[{"href":"https:\/\/www.milmari.rs\/resort\/wp-json\/wp\/v2\/media?parent=4572"}],"curies":[{"name":"wp","href":"https:\/\/api.w.org\/{rel}","templated":true}]}}